{"id":233,"date":"2020-11-27T09:57:04","date_gmt":"2020-11-27T09:57:04","guid":{"rendered":"http:\/\/electrodiesel.es\/?page_id=233"},"modified":"2020-12-28T10:23:18","modified_gmt":"2020-12-28T10:23:18","slug":"automovil","status":"publish","type":"page","link":"http:\/\/electrodiesel.es\/?page_id=233","title":{"rendered":"Recambios"},"content":{"rendered":"\t\t<div data-elementor-type=\"wp-page\" data-elementor-id=\"233\" class=\"elementor elementor-233\">\n\t\t\t\t\t\t<section class=\"elementor-section elementor-top-section elementor-element elementor-element-e115f4e elementor-section-boxed elementor-section-height-default elementor-section-height-default\" data-id=\"e115f4e\" data-element_type=\"section\">\n\t\t\t\t\t\t<div class=\"elementor-container elementor-column-gap-default\">\n\t\t\t\t\t<div class=\"elementor-column elementor-col-100 elementor-top-column elementor-element elementor-element-f945535\" data-id=\"f945535\" data-element_type=\"column\">\n\t\t\t<div class=\"elementor-widget-wrap elementor-element-populated\">\n\t\t\t\t\t\t<div class=\"elementor-element elementor-element-03c3603 elementor-widget elementor-widget-heading\" data-id=\"03c3603\" data-element_type=\"widget\" data-widget_type=\"heading.default\">\n\t\t\t\t<div class=\"elementor-widget-container\">\n\t\t\t<h2 class=\"elementor-heading-title elementor-size-default\">Recambios<\/h2>\t\t<\/div>\n\t\t\t\t<\/div>\n\t\t\t\t\t<\/div>\n\t\t<\/div>\n\t\t\t\t\t<\/div>\n\t\t<\/section>\n\t\t\t\t<section class=\"elementor-section elementor-top-section elementor-element elementor-element-1c3b252 elementor-section-boxed elementor-section-height-default elementor-section-height-default\" data-id=\"1c3b252\" data-element_type=\"section\">\n\t\t\t\t\t\t<div class=\"elementor-container elementor-column-gap-default\">\n\t\t\t\t\t<div class=\"elementor-column elementor-col-100 elementor-top-column elementor-element elementor-element-a91491e\" data-id=\"a91491e\" data-element_type=\"column\">\n\t\t\t<div class=\"elementor-widget-wrap elementor-element-populated\">\n\t\t\t\t\t\t<div class=\"elementor-element elementor-element-2689cc5 animated-slow elementor-invisible elementor-widget elementor-widget-text-editor\" data-id=\"2689cc5\" data-element_type=\"widget\" data-settings=\"{&quot;_animation&quot;:&quot;fadeIn&quot;,&quot;_animation_delay&quot;:100}\" data-widget_type=\"text-editor.default\">\n\t\t\t\t<div class=\"elementor-widget-container\">\n\t\t\t\t\t\t\t<p style=\"text-align: justify;\">Electrodiesel Asturias pone a tu alcance una excelente selecci\u00f3n de recambio profesional de primeras marcas. Llevamos a cabo una cuidada selecci\u00f3n de marcas y fabricantes, poniendo siempre a tu disposici\u00f3n la mejor gama del mercado. Nuestros proveedores son los fabricantes de referencia del sector, aquellos cuyos productos son seleccionados por el fabricante del veh\u00edculo para su instalaci\u00f3n en el primer equipo, lo que imprime un sello de calidad y confianza a tus reparaciones.<\/p><p style=\"text-align: justify;\">Nuestras l\u00edneas de recambio cubren todo el autom\u00f3vil y el veh\u00edculo industrial. Asimismo, cabe destacar nuestra capacidad log\u00edstica y de reparto, asegurando la mayor rapidez en el suministro.<\/p><p style=\"text-align: justify;\">En definitiva, te aseguramos el recambio que necesitas, donde y cuando lo necesitas.<\/p>\t\t\t\t\t\t<\/div>\n\t\t\t\t<\/div>\n\t\t\t\t<section class=\"elementor-section elementor-inner-section elementor-element elementor-element-96f8bc9 elementor-section-boxed elementor-section-height-default elementor-section-height-default\" data-id=\"96f8bc9\" data-element_type=\"section\">\n\t\t\t\t\t\t<div class=\"elementor-container elementor-column-gap-default\">\n\t\t\t\t\t<div class=\"elementor-column elementor-col-50 elementor-inner-column elementor-element elementor-element-15446af\" data-id=\"15446af\" data-element_type=\"column\">\n\t\t\t<div class=\"elementor-widget-wrap elementor-element-populated\">\n\t\t\t\t\t\t<div class=\"elementor-element elementor-element-2c8ed73 animated-slow elementor-invisible elementor-widget elementor-widget-image\" data-id=\"2c8ed73\" data-element_type=\"widget\" data-settings=\"{&quot;_animation&quot;:&quot;fadeInLeft&quot;,&quot;_animation_delay&quot;:100}\" data-widget_type=\"image.default\">\n\t\t\t\t<div class=\"elementor-widget-container\">\n\t\t\t\t\t\t\t\t\t\t\t\t\t<img fetchpriority=\"high\" decoding=\"async\" width=\"696\" height=\"321\" src=\"http:\/\/electrodiesel.es\/wp-content\/uploads\/2020\/12\/a-e1608718549479.jpg\" class=\"attachment-full size-full wp-image-485\" alt=\"\" srcset=\"http:\/\/electrodiesel.es\/wp-content\/uploads\/2020\/12\/a-e1608718549479.jpg 696w, http:\/\/electrodiesel.es\/wp-content\/uploads\/2020\/12\/a-e1608718549479-300x138.jpg 300w\" sizes=\"(max-width: 696px) 100vw, 696px\" \/>\t\t\t\t\t\t\t\t\t\t\t\t\t<\/div>\n\t\t\t\t<\/div>\n\t\t\t\t\t<\/div>\n\t\t<\/div>\n\t\t\t\t<div class=\"elementor-column elementor-col-50 elementor-inner-column elementor-element elementor-element-0157730\" data-id=\"0157730\" data-element_type=\"column\">\n\t\t\t<div class=\"elementor-widget-wrap elementor-element-populated\">\n\t\t\t\t\t\t<div class=\"elementor-element elementor-element-96e725b animated-slow elementor-invisible elementor-widget elementor-widget-image\" data-id=\"96e725b\" data-element_type=\"widget\" data-settings=\"{&quot;_animation&quot;:&quot;fadeInRight&quot;,&quot;_animation_delay&quot;:100}\" data-widget_type=\"image.default\">\n\t\t\t\t<div class=\"elementor-widget-container\">\n\t\t\t\t\t\t\t\t\t\t\t\t\t<img decoding=\"async\" width=\"550\" height=\"251\" src=\"http:\/\/electrodiesel.es\/wp-content\/uploads\/2020\/12\/b-2-1024x467.jpg\" class=\"attachment-large size-large wp-image-489\" alt=\"\" srcset=\"http:\/\/electrodiesel.es\/wp-content\/uploads\/2020\/12\/b-2-1024x467.jpg 1024w, http:\/\/electrodiesel.es\/wp-content\/uploads\/2020\/12\/b-2-300x137.jpg 300w, http:\/\/electrodiesel.es\/wp-content\/uploads\/2020\/12\/b-2-768x350.jpg 768w, http:\/\/electrodiesel.es\/wp-content\/uploads\/2020\/12\/b-2.jpg 1101w\" sizes=\"(max-width: 550px) 100vw, 550px\" \/>\t\t\t\t\t\t\t\t\t\t\t\t\t<\/div>\n\t\t\t\t<\/div>\n\t\t\t\t\t<\/div>\n\t\t<\/div>\n\t\t\t\t\t<\/div>\n\t\t<\/section>\n\t\t\t\t\t<\/div>\n\t\t<\/div>\n\t\t\t\t\t<\/div>\n\t\t<\/section>\n\t\t\t\t<section class=\"elementor-section elementor-top-section elementor-element elementor-element-668f92a elementor-section-boxed elementor-section-height-default elementor-section-height-default\" data-id=\"668f92a\" data-element_type=\"section\">\n\t\t\t\t\t\t<div class=\"elementor-container elementor-column-gap-default\">\n\t\t\t\t\t<div class=\"elementor-column elementor-col-100 elementor-top-column elementor-element elementor-element-9ea3990\" data-id=\"9ea3990\" data-element_type=\"column\">\n\t\t\t<div class=\"elementor-widget-wrap elementor-element-populated\">\n\t\t\t\t\t\t<div class=\"elementor-element elementor-element-141443d animated-slow elementor-widget-divider--view-line elementor-invisible elementor-widget elementor-widget-divider\" data-id=\"141443d\" data-element_type=\"widget\" data-settings=\"{&quot;_animation&quot;:&quot;fadeIn&quot;,&quot;_animation_delay&quot;:100}\" data-widget_type=\"divider.default\">\n\t\t\t\t<div class=\"elementor-widget-container\">\n\t\t\t\t\t<div class=\"elementor-divider\">\n\t\t\t<span class=\"elementor-divider-separator\">\n\t\t\t\t\t\t<\/span>\n\t\t<\/div>\n\t\t\t\t<\/div>\n\t\t\t\t<\/div>\n\t\t\t\t\t<\/div>\n\t\t<\/div>\n\t\t\t\t\t<\/div>\n\t\t<\/section>\n\t\t\t\t<section class=\"elementor-section elementor-top-section elementor-element elementor-element-82cb557 elementor-section-boxed elementor-section-height-default elementor-section-height-default\" data-id=\"82cb557\" data-element_type=\"section\">\n\t\t\t\t\t\t<div class=\"elementor-container elementor-column-gap-default\">\n\t\t\t\t\t<div class=\"elementor-column elementor-col-100 elementor-top-column elementor-element elementor-element-c38afbc\" data-id=\"c38afbc\" data-element_type=\"column\">\n\t\t\t<div class=\"elementor-widget-wrap elementor-element-populated\">\n\t\t\t\t\t\t<div class=\"elementor-element elementor-element-364752e animated-slow elementor-invisible elementor-widget elementor-widget-image\" data-id=\"364752e\" data-element_type=\"widget\" data-settings=\"{&quot;_animation&quot;:&quot;fadeInUp&quot;,&quot;_animation_delay&quot;:100}\" data-widget_type=\"image.default\">\n\t\t\t\t<div class=\"elementor-widget-container\">\n\t\t\t\t\t\t\t\t\t\t\t\t\t<img decoding=\"async\" width=\"890\" height=\"470\" src=\"http:\/\/electrodiesel.es\/wp-content\/uploads\/2020\/11\/automocion-1.png\" class=\"attachment-full size-full wp-image-241\" alt=\"\" srcset=\"http:\/\/electrodiesel.es\/wp-content\/uploads\/2020\/11\/automocion-1.png 890w, http:\/\/electrodiesel.es\/wp-content\/uploads\/2020\/11\/automocion-1-300x158.png 300w, http:\/\/electrodiesel.es\/wp-content\/uploads\/2020\/11\/automocion-1-768x406.png 768w\" sizes=\"(max-width: 890px) 100vw, 890px\" \/>\t\t\t\t\t\t\t\t\t\t\t\t\t<\/div>\n\t\t\t\t<\/div>\n\t\t\t\t\t<\/div>\n\t\t<\/div>\n\t\t\t\t\t<\/div>\n\t\t<\/section>\n\t\t\t\t<\/div>\n\t\t","protected":false},"excerpt":{"rendered":"<p>Recambios Electrodiesel Asturias pone a tu alcance una excelente selecci\u00f3n de recambio profesional de primeras marcas. Llevamos a cabo una cuidada selecci\u00f3n de marcas y fabricantes, poniendo siempre a tu disposici\u00f3n la mejor gama del mercado. Nuestros proveedores son los fabricantes de referencia del sector, aquellos cuyos productos son seleccionados por el fabricante del veh\u00edculo&hellip;<\/p>\n","protected":false},"author":1,"featured_media":0,"parent":0,"menu_order":0,"comment_status":"closed","ping_status":"closed","template":"elementor_header_footer","meta":[],"_links":{"self":[{"href":"http:\/\/electrodiesel.es\/index.php?rest_route=\/wp\/v2\/pages\/233"}],"collection":[{"href":"http:\/\/electrodiesel.es\/index.php?rest_route=\/wp\/v2\/pages"}],"about":[{"href":"http:\/\/electrodiesel.es\/index.php?rest_route=\/wp\/v2\/types\/page"}],"author":[{"embeddable":true,"href":"http:\/\/electrodiesel.es\/index.php?rest_route=\/wp\/v2\/users\/1"}],"replies":[{"embeddable":true,"href":"http:\/\/electrodiesel.es\/index.php?rest_route=%2Fwp%2Fv2%2Fcomments&post=233"}],"version-history":[{"count":38,"href":"http:\/\/electrodiesel.es\/index.php?rest_route=\/wp\/v2\/pages\/233\/revisions"}],"predecessor-version":[{"id":573,"href":"http:\/\/electrodiesel.es\/index.php?rest_route=\/wp\/v2\/pages\/233\/revisions\/573"}],"wp:attachment":[{"href":"http:\/\/electrodiesel.es\/index.php?rest_route=%2Fwp%2Fv2%2Fmedia&parent=233"}],"curies":[{"name":"wp","href":"https:\/\/api.w.org\/{rel}","templated":true}]}}